{"id":588,"date":"2023-07-13T11:23:06","date_gmt":"2023-07-13T11:23:06","guid":{"rendered":"https:\/\/ralf-krug.de\/?page_id=588"},"modified":"2023-07-18T15:18:54","modified_gmt":"2023-07-18T15:18:54","slug":"588-2","status":"publish","type":"page","link":"https:\/\/ralf-krug.de\/?page_id=588","title":{"rendered":""},"content":{"rendered":"<h1 style=\"text-align: center;\"><b>2018 \u2013 Rundreise auf Korsika<\/b><\/h1>\n<p style=\"text-align: center;\"><span style=\"color: #000000;\"><b>Vom 19. Juni bis zum 26. Juni 2018 unternahmen wir eine Busreise auf Korsika.<\/b><\/span><\/p>\n<hr>\n<table style=\"border-collapse: collapse; width: 100%;\">\n<tbody>\n<tr>\n<td style=\"width: 100%; text-align: center;\"><span style=\"font-size: 12pt;\"><!-- HTML Forms v1.6.3 - https:\/\/wordpress.org\/plugins\/html-forms\/ -->\n<form method=\"post\"  class=\"hf-form hf-form-607 \" data-id=\"607\" data-title=\"Reise_2018_Korsika_Video\" data-slug=\"reise_2018_korsika_video\" data-message-success=\"Vielen Dank! Wir werden uns in K\u00fcrze melden.\" data-message-invalid-email=\"Entschuldige, aber die E-Mail Adresse scheint ung\u00fcltig zu sein.\" data-message-required-field-missing=\"Bitte f\u00fclle die erforderlichen Felder aus.\" data-message-error=\"Hoppla. Ein Fehler ist aufgetreten.\" data-message-recaptcha-failed=\"reCAPTCHA verification failed. Please try again.\" data-message-recaptcha-low-score=\"Your submission appears to be spam. Please try again.\"><input type=\"hidden\" name=\"_hf_form_id\" value=\"607\" \/><div style=\"display: none;\"><input type=\"text\" name=\"_hf_h607\" value=\"\" \/><\/div><div class=\"hf-fields-wrap\"><iframe loading=\"lazy\" width=\"560\" height=\"315\" src=\"https:\/\/www.youtube.com\/embed\/l0lMTw30Oso\" title=\"YouTube video player\" frameborder=\"0\" allow=\"accelerometer; autoplay; clipboard-write; encrypted-media; gyroscope; picture-in-picture; web-share\" allowfullscreen><\/iframe><noscript>Damit dieses Formular funktioniert bitte JavaScript aktivieren.<\/noscript><\/div><\/form><!-- \/ HTML Forms --><\/span><\/td>\n<\/tr>\n<\/tbody>\n<\/table>\n<hr>\n<p><span style=\"color: #000000;\"><b>Hier unsere Tagesetappen<\/b><\/span><\/p>\n<p><span style=\"color: #0000ff;\"><a style=\"color: #0000ff;\" href=\"https:\/\/ralf-krug.de\/?page_id=583\" target=\"_blank\" rel=\"noopener\"><strong>Tag 1: Anreise nach Savona \/ Italien und Einschiffung auf die F\u00e4hre nach Bastia<\/strong><\/a><\/span><br \/>\n<strong><span style=\"color: #000000;\">Tag 2: Von Bastia \u00fcber Bonifacio nach Propriano<\/span><\/strong><br \/>\n<strong><span style=\"color: #000000;\">Tag 3: Von Propriano \u00fcber Ajaccio + Calanques de Piana nach Porto<\/span><\/strong><br \/>\n<strong><span style=\"color: #000000;\">Tag 4: Bootstour entlang der Calanques de Piana + R\u00e9serve Naturelle De Scandola<\/span><\/strong><br \/>\n<strong><span style=\"color: #000000;\">Tag 5: Von Porto durch die Spelunca Schlucht nach Corte und nach L\u2019\u00cele-Rousse<\/span><\/strong><br \/>\n<strong><span style=\"color: #000000;\">Tag 6: Fahrt nach Calvi und durch die Balagne<\/span><\/strong><br \/>\n<strong><span style=\"color: #000000;\">Tag 7: Von L\u2019\u00cele-Rousse durch Desert des Agriates + Cap Corse nach Bastia<\/span><\/strong><\/p>\nngg_shortcode_0_placeholder\n","protected":false},"excerpt":{"rendered":"<p>2018 \u2013 Rundreise auf Korsika Vom 19. Juni bis zum 26. Juni 2018 unternahmen wir eine Busreise auf Korsika. Hier unsere Tagesetappen Tag 1: Anreise nach Savona \/ Italien und Einschiffung auf die F\u00e4hre nach Bastia Tag 2: Von Bastia \u00fcber Bonifacio nach Propriano Tag 3: Von Propriano \u00fcber Ajaccio + Calanques de Piana nach [&hellip;]<\/p>\n","protected":false},"author":1,"featured_media":0,"parent":0,"menu_order":0,"comment_status":"closed","ping_status":"closed","template":"","meta":{"ngg_post_thumbnail":0,"footnotes":""},"categories":[6],"tags":[],"class_list":["post-588","page","type-page","status-publish","hentry","category-reise-2018-korsika"],"_links":{"self":[{"href":"https:\/\/ralf-krug.de\/index.php?rest_route=\/wp\/v2\/pages\/588","targetHints":{"allow":["GET"]}}],"collection":[{"href":"https:\/\/ralf-krug.de\/index.php?rest_route=\/wp\/v2\/pages"}],"about":[{"href":"https:\/\/ralf-krug.de\/index.php?rest_route=\/wp\/v2\/types\/page"}],"author":[{"embeddable":true,"href":"https:\/\/ralf-krug.de\/index.php?rest_route=\/wp\/v2\/users\/1"}],"replies":[{"embeddable":true,"href":"https:\/\/ralf-krug.de\/index.php?rest_route=%2Fwp%2Fv2%2Fcomments&post=588"}],"version-history":[{"count":10,"href":"https:\/\/ralf-krug.de\/index.php?rest_route=\/wp\/v2\/pages\/588\/revisions"}],"predecessor-version":[{"id":994,"href":"https:\/\/ralf-krug.de\/index.php?rest_route=\/wp\/v2\/pages\/588\/revisions\/994"}],"wp:attachment":[{"href":"https:\/\/ralf-krug.de\/index.php?rest_route=%2Fwp%2Fv2%2Fmedia&parent=588"}],"wp:term":[{"taxonomy":"category","embeddable":true,"href":"https:\/\/ralf-krug.de\/index.php?rest_route=%2Fwp%2Fv2%2Fcategories&post=588"},{"taxonomy":"post_tag","embeddable":true,"href":"https:\/\/ralf-krug.de\/index.php?rest_route=%2Fwp%2Fv2%2Ftags&post=588"}],"curies":[{"name":"wp","href":"https:\/\/api.w.org\/{rel}","templated":true}]}}