{"id":583,"date":"2023-07-10T16:07:47","date_gmt":"2023-07-10T16:07:47","guid":{"rendered":"https:\/\/ralf-krug.de\/?page_id=583"},"modified":"2023-07-18T14:55:09","modified_gmt":"2023-07-18T14:55:09","slug":"1-tag-anreise-nach-savona-italien-bastia","status":"publish","type":"page","link":"https:\/\/ralf-krug.de\/?page_id=583","title":{"rendered":"1. Tag: Anreise nach Savona \/ Italien \/ Bastia"},"content":{"rendered":"<ul>\n<li><strong><span style=\"color: #000000;\">Reise 2018 &#8211; Auf Korsika<\/span><\/strong><\/li>\n<li><strong><span style=\"color: #000000;\">Tagesetappe \u00fcber Land 812 Km<\/span><\/strong><\/li>\n<li><strong><span style=\"color: #000000;\">Tagesetappe \u00fcber See von Savona nach Bastia 212 Km<\/span><\/strong><\/li>\n<li><strong><span style=\"color: #000000;\">Brumath, Schweiz, Italien, Savona, Bastia<\/span><\/strong><\/li>\n<\/ul>\n<!-- HTML Forms v1.6.3 - https:\/\/wordpress.org\/plugins\/html-forms\/ -->\n<form method=\"post\"  class=\"hf-form hf-form-594 \" data-id=\"594\" data-title=\"Reise_2018_Korsika_01_Anreise_nach_Savona_Bastia\" data-slug=\"reise_2018_korsika_01_anreise_nach_savona\" data-message-success=\"Vielen Dank! Wir werden uns in K\u00fcrze melden.\" data-message-invalid-email=\"Entschuldige, aber die E-Mail Adresse scheint ung\u00fcltig zu sein.\" data-message-required-field-missing=\"Bitte f\u00fclle die erforderlichen Felder aus.\" data-message-error=\"Hoppla. Ein Fehler ist aufgetreten.\" data-message-recaptcha-failed=\"reCAPTCHA verification failed. Please try again.\" data-message-recaptcha-low-score=\"Your submission appears to be spam. Please try again.\"><input type=\"hidden\" name=\"_hf_form_id\" value=\"594\" \/><div style=\"display: none;\"><input type=\"text\" name=\"_hf_h594\" value=\"\" \/><\/div><div class=\"hf-fields-wrap\"><iframe loading=\"lazy\" src=\"https:\/\/www.google.com\/maps\/d\/u\/0\/embed?mid=1mzeAtvaXkAcW998LWkFJO98gCc_Gq5v-&ehbc=2E312F\" width=\"640\" height=\"480\"><\/iframe><noscript>Damit dieses Formular funktioniert bitte JavaScript aktivieren.<\/noscript><\/div><\/form><!-- \/ HTML Forms -->\n<hr>\n<p style=\"text-align: justify;\"><span style=\"font-weight: 400; color: #000000;\">Fr\u00fch aufstehen, hie\u00df es an diesem ersten Reisetag. Schon um 5 Uhr am Morgen mussten wir bei unserem Reiseveranstalter parat sein, um die erste Etappe des heutigen Tages in Angriff nehmen zu k\u00f6nnen. Wie im letzten Jahr fuhren wir mit dem Partnerunternehmen aus dem Saarland. Unsere Reiseroute nach S\u00fcden machte es unm\u00f6glich, das wir in der N\u00e4he in den Bus zusteigen konnten, das w\u00e4re ein zu gro\u00dfer Umweg gewesen. Deshalb kamen wir dem Bus sprichw\u00f6rtlich etwas entgegen. Mit einem Kleinbus wurden wir, insgesamt vier Reisende, ins franz\u00f6sische Brumath gefahren. Dies liegt etwas oberhalb von Stra\u00dfburg.<\/span><\/p>\n<table>\n<tbody>\n<tr>\n<td style=\"text-align: center;\"><span style=\"font-weight: 400; font-size: 12pt; color: #000000;\">ngg_shortcode_0_placeholder<\/span><\/td>\n<\/tr>\n<tr>\n<td style=\"text-align: center;\"><span style=\"font-weight: 400; color: #000000; font-size: 12pt;\">Unser Shuttle nach \/ von Brumath<\/span><\/td>\n<\/tr>\n<\/tbody>\n<\/table>\n<p style=\"text-align: justify;\"><span style=\"font-weight: 400; color: #000000;\">Auf dem dortigen Autohof erwarteten wir dann unseren \u201crichtigen\u201d Reisebus. Es dauerte nicht lange &#8211; wir hatten gerade erst einen Kaffee getrunken &#8211; kam dann auch der Bus bei uns an. F\u00fcr unsere Mitreisenden aus dem Saarland war dies schon der erste gr\u00f6\u00dfere Stop, waren die doch schon l\u00e4nger unterwegs als wir \u201cVorderpf\u00e4lzer\u201d. Unser Gep\u00e4ck wurde schnell verladen und schon konnte die Reise weiter gehen.<\/span><\/p>\n<table>\n<tbody>\n<tr>\n<td style=\"text-align: center;\"><span style=\"font-weight: 400; font-size: 12pt; color: #000000;\">ngg_shortcode_1_placeholder<\/span><\/td>\n<\/tr>\n<tr>\n<td style=\"text-align: center;\"><span style=\"font-weight: 400; color: #000000; font-size: 12pt;\">Unser Reisebus<\/span><\/td>\n<\/tr>\n<\/tbody>\n<\/table>\n<p style=\"text-align: justify;\"><span style=\"font-weight: 400; color: #000000;\">Wegen erh\u00f6htem Verkehrsaufkommen rund um Stra\u00dfburg fuhren wir zur\u00fcck auf die andere Rheinseite nach Deutschland. Unser Fahrer Markus begr\u00fc\u00dfte uns nun alle offiziell und teilte uns das eine oder andere Wichtige f\u00fcr unsere Reise mit. Soviel vorweg: Wir haben auch diesmal einen erstklassigen Fahrer erwischt. Das meine ich nicht nur fahrtechnisch, sondern auch menschlich. Markus ist Busfahrer mit Leib und Seele.<\/span><\/p>\n<p style=\"text-align: justify;\"><span style=\"font-weight: 400; color: #000000;\">Bei Basel \u00fcberquerten wir dann die Grenze zur Schweiz. Gleich hinter der Grenze machten wir einen Stop beim Autogrill bei Pratteln. Weiter ging dann die Fahrt durch die schweizer Berge. Unseren n\u00e4chsten l\u00e4ngeren Halt machten wir dann kurz vor dem Gotthardtunnel. Und zwar auf dem gleichnamigen Rastplatz bei Erstfeld. Dieser Rastplatz ist vollkommen neu errichtet. Nach der Pause ginge es dann weiter nach S\u00fcden durch den Gotthardtunnel.Er ist mit 16,9 Kilometern L\u00e4nge der viertl\u00e4ngste Strassentunnel der Welt und der l\u00e4ngste Stra\u00dfentunnel in den Alpen. Gebaut wurde der Gotthard Stra\u00dfentunnel zwischen 1970 und 1980. Die Anzahl von mehr als 17.000 Durchfahrten pro Tag zeigt die Bedeutung dieses Tunnels.<\/span><\/p>\n<table>\n<tbody>\n<tr>\n<td><span style=\"font-weight: 400; font-size: 12pt; color: #000000;\">ngg_shortcode_2_placeholder <\/span><\/td>\n<td><span style=\"font-weight: 400; font-size: 12pt; color: #000000;\">ngg_shortcode_3_placeholder <\/span><\/td>\n<td><span style=\"font-weight: 400; font-size: 12pt; color: #000000;\">ngg_shortcode_4_placeholder <\/span><\/td>\n<\/tr>\n<tr>\n<td style=\"text-align: center;\" colspan=\"3\"><span style=\"font-size: 12pt; color: #000000;\">Ansichten aus der Schweitz<\/span><\/td>\n<\/tr>\n<\/tbody>\n<\/table>\n<p style=\"text-align: justify;\"><span style=\"font-weight: 400; color: #000000;\">Schon bald erreichten wir dann die Grenze nach Italien bei Chiasso und Como. Nachdem wir den Gro\u00dfraum um Mailand passierten, erreichten wir am Nachmittag unser erstes Etappenziel &#8211; die Hafenstadt Savona. Die Stadt in Ligurien hat \u00fcber 60.000 Einwohner. Sie ist Hauptstadt der nach ihr benannten Provinz Savona. Nach der Ankunft fuhren wir zun\u00e4chst zum F\u00e4hrhafen. Dort konnten wir den Bus abstellen. Eine Besichtigung der Stadt Savona war nicht m\u00f6glich, dazu war die Zeit zu knapp. Direkt am F\u00e4hrhafen konnten wir einen Blick auf die Ruinen von Forte San Giacomo werfen. Errichtet wurde die Festung 1757, um die Stadt vor Angriffen zu sch\u00fctzen.<\/span><\/p>\n<table>\n<tbody>\n<tr>\n<td><span style=\"font-weight: 400; font-size: 12pt; color: #000000;\">ngg_shortcode_5_placeholder<\/span><\/td>\n<td><span style=\"font-weight: 400; font-size: 12pt; color: #000000;\">ngg_shortcode_6_placeholder<\/span><\/td>\n<\/tr>\n<tr>\n<td style=\"text-align: center;\"><span style=\"font-size: 12pt; color: #000000;\">Ankunft am F\u00e4hrhafen<\/span><\/td>\n<td style=\"text-align: center;\"><span style=\"font-weight: 400; color: #000000; font-size: 12pt;\">Forte San Giacomo<\/span><\/td>\n<\/tr>\n<\/tbody>\n<\/table>\n<p style=\"text-align: justify;\"><span style=\"font-weight: 400; color: #000000;\">Neben dem F\u00e4hrhafen konnten wir im Restaurant &nbsp;des Hotels \u201cSea Art\u201d unser vorbestelltes Abendessen einnehmen.<\/span><\/p>\n<table>\n<tbody>\n<tr>\n<td><span style=\"font-weight: 400; font-size: 12pt; color: #000000;\">ngg_shortcode_7_placeholder <\/span><\/td>\n<td><span style=\"font-weight: 400; font-size: 12pt; color: #000000;\">ngg_shortcode_8_placeholder <\/span><\/td>\n<td><span style=\"font-weight: 400; font-size: 12pt; color: #000000;\">ngg_shortcode_9_placeholder <\/span><\/td>\n<\/tr>\n<tr>\n<td style=\"text-align: center;\" colspan=\"3\"><span style=\"font-size: 12pt; color: #000000;\">Hotel &#8222;Sea Art&#8220;<\/span><\/td>\n<\/tr>\n<\/tbody>\n<\/table>\n<p style=\"text-align: justify;\"><span style=\"font-weight: 400; color: #000000;\">Frisch gest\u00e4rkt machten wir uns dann wieder auf zum Bus. Das Einchecken auf die Nachtf\u00e4hre r\u00fcckte langsam n\u00e4her. Was uns etwas verwunderte war die Tatsache, das die F\u00e4hre erst kurz vor \u201cBoarding\u201d am Anleger fest machte. Unsere F\u00e4hre war die \u201cSardinia Regina\u201d.<\/span><\/p>\n<p style=\"text-align: justify;\"><strong><span style=\"color: #000000;\">Hier einige Fakten zur F\u00e4hre:<\/span><\/strong><\/p>\n<ul style=\"text-align: justify;\">\n<li style=\"font-weight: 400;\"><span style=\"font-weight: 400; color: #000000;\">Baujahr: 1972<\/span><\/li>\n<li style=\"font-weight: 400;\"><span style=\"font-weight: 400; color: #000000;\">L\u00e4nge: 146 m<\/span><\/li>\n<li style=\"font-weight: 400;\"><span style=\"font-weight: 400; color: #000000;\">Breite: 21 m<\/span><\/li>\n<li style=\"font-weight: 400;\"><span style=\"font-weight: 400; color: #000000;\">Geschwindigkeit: 19 Knoten<\/span><\/li>\n<li style=\"font-weight: 400;\"><span style=\"font-weight: 400; color: #000000;\">Passagiere:1700<\/span><\/li>\n<li style=\"font-weight: 400;\"><span style=\"font-weight: 400; color: #000000;\">Fahrzeuge: 400<\/span><\/li>\n<\/ul>\n<table>\n<tbody>\n<tr>\n<td style=\"text-align: center;\"><span style=\"font-weight: 400; font-size: 12pt; color: #000000;\">ngg_shortcode_10_placeholder<\/span><\/td>\n<\/tr>\n<tr>\n<td style=\"text-align: center;\"><span style=\"font-size: 12pt; color: #000000;\">Unsere F\u00e4hre, die &#8222;Sardinia Regina&#8220;<\/span><\/td>\n<\/tr>\n<\/tbody>\n<\/table>\n<p style=\"text-align: justify;\"><span style=\"font-weight: 400; color: #000000;\">Zuerst wurden alle PKW, Busse und LKW verladen. Dann kamen wir Fu\u00dfg\u00e4nger dran. Da es keinen Passagier Zugang gab mussten wir durch den Laderaum zu den Treppenh\u00e4usern der F\u00e4hre gehen. Im Foyer wurden wir von Stewards empfangen, die uns dann zu den jeweiligen Kabinen begleiteten. Erst dort gab es die Kabinenschl\u00fcssel. Es verlief aber alles reibungslos.<\/span><\/p>\n<p style=\"text-align: justify;\"><span style=\"font-weight: 400; color: #000000;\">Inzwischen war die D\u00e4mmerung hereingebrochen. Wir erkundigten nat\u00fcrlich erst mal die F\u00e4hre. Da diese F\u00e4hre nicht ganz so gro\u00df war hatten wir diese Erkundung schnell erledigt. Als es gerade dunkel wurde legte die F\u00e4hre nach Richtung Korsika ab. Der lange Tag zeigte nun seine ersten Spuren. Wir hatten zu nix mehr gro\u00dfe Lust. Eine zeitlang schauten wir noch auf die vorbei ziehende italienische K\u00fcste, aber bald danach zogen wir uns in unsere Kabinen zur\u00fcck. Ein langer erster Tag neigte sich seinem Ende entgegen.<\/span><\/p>\n<table>\n<tbody>\n<tr>\n<td><span style=\"font-weight: 400; font-size: 12pt; color: #000000;\">ngg_shortcode_11_placeholder <\/span><\/td>\n<td><span style=\"font-weight: 400; font-size: 12pt; color: #000000;\">ngg_shortcode_12_placeholder <\/span><\/td>\n<td><span style=\"font-weight: 400; font-size: 12pt; color: #000000;\">ngg_shortcode_13_placeholder <\/span><\/td>\n<\/tr>\n<tr>\n<td style=\"text-align: center;\" colspan=\"3\"><span style=\"color: #000000; font-size: 12pt;\">Abendstimmung an Bord<\/span><\/td>\n<\/tr>\n<\/tbody>\n<\/table>\n<p style=\"text-align: left;\">Das war unser 1.Tag<\/p>\n","protected":false},"excerpt":{"rendered":"<p>Reise 2018 &#8211; Auf Korsika Tagesetappe \u00fcber Land 812 Km Tagesetappe \u00fcber See von Savona nach Bastia 212 Km Brumath, Schweiz, Italien, Savona, Bastia Fr\u00fch aufstehen, hie\u00df es an diesem ersten Reisetag. Schon um 5 Uhr am Morgen mussten wir bei unserem Reiseveranstalter parat sein, um die erste Etappe des heutigen Tages in Angriff nehmen [&hellip;]<\/p>\n","protected":false},"author":1,"featured_media":0,"parent":0,"menu_order":0,"comment_status":"closed","ping_status":"closed","template":"","meta":{"ngg_post_thumbnail":0,"footnotes":""},"categories":[6],"tags":[],"class_list":["post-583","page","type-page","status-publish","hentry","category-reise-2018-korsika"],"_links":{"self":[{"href":"https:\/\/ralf-krug.de\/index.php?rest_route=\/wp\/v2\/pages\/583","targetHints":{"allow":["GET"]}}],"collection":[{"href":"https:\/\/ralf-krug.de\/index.php?rest_route=\/wp\/v2\/pages"}],"about":[{"href":"https:\/\/ralf-krug.de\/index.php?rest_route=\/wp\/v2\/types\/page"}],"author":[{"embeddable":true,"href":"https:\/\/ralf-krug.de\/index.php?rest_route=\/wp\/v2\/users\/1"}],"replies":[{"embeddable":true,"href":"https:\/\/ralf-krug.de\/index.php?rest_route=%2Fwp%2Fv2%2Fcomments&post=583"}],"version-history":[{"count":10,"href":"https:\/\/ralf-krug.de\/index.php?rest_route=\/wp\/v2\/pages\/583\/revisions"}],"predecessor-version":[{"id":975,"href":"https:\/\/ralf-krug.de\/index.php?rest_route=\/wp\/v2\/pages\/583\/revisions\/975"}],"wp:attachment":[{"href":"https:\/\/ralf-krug.de\/index.php?rest_route=%2Fwp%2Fv2%2Fmedia&parent=583"}],"wp:term":[{"taxonomy":"category","embeddable":true,"href":"https:\/\/ralf-krug.de\/index.php?rest_route=%2Fwp%2Fv2%2Fcategories&post=583"},{"taxonomy":"post_tag","embeddable":true,"href":"https:\/\/ralf-krug.de\/index.php?rest_route=%2Fwp%2Fv2%2Ftags&post=583"}],"curies":[{"name":"wp","href":"https:\/\/api.w.org\/{rel}","templated":true}]}}